{"id":2809,"date":"2017-07-12T09:47:49","date_gmt":"2017-07-12T09:47:49","guid":{"rendered":"https:\/\/project.vistasoftware.com\/rental-software\/"},"modified":"2025-08-28T14:26:57","modified_gmt":"2025-08-28T14:26:57","slug":"projektsoftware","status":"publish","type":"page","link":"https:\/\/project.vistasoftware.com\/de\/","title":{"rendered":"Home"},"content":{"rendered":"<p>[et_pb_section fb_built=&#8220;1&#8243; fullwidth=&#8220;on&#8220; _builder_version=&#8220;4.16&#8243; _module_preset=&#8220;default&#8220; global_colors_info=&#8220;{}&#8220;][et_pb_fullwidth_header title=&#8220;Vista&#8220; text_orientation=&#8220;center&#8220; button_one_text=&#8220;mehr entdecken&#8220; button_one_url=&#8220;https:\/\/offimac.com\/de\/projekt-management-software\/&#8220; _builder_version=&#8220;4.26.0&#8243; _module_preset=&#8220;default&#8220; title_text_align=&#8220;center&#8220; title_text_color=&#8220;#FFFFFF&#8220; title_font_size=&#8220;80px&#8220; content_text_align=&#8220;center&#8220; background_image=&#8220;https:\/\/project.vistasoftware.com\/wp-content\/uploads\/2024\/03\/project-software-solutions-team-home-scaled.jpg&#8220; custom_button_one=&#8220;on&#8220; button_one_text_color=&#8220;#FFFFFF&#8220; button_one_bg_color=&#8220;#ea5f0b&#8220; button_one_border_color=&#8220;#FFFFFF&#8220; button_one_border_radius=&#8220;100px&#8220; custom_padding=&#8220;229px||230px|||&#8220; global_colors_info=&#8220;{}&#8220;]<\/p>\n<p style=\"text-align: center;\"><span style=\"color: #ffffff; font-size: xx-large;\">dank unserer exzellenten Projekt-Software<\/span><\/p>\n<p>[\/et_pb_fullwidth_header][\/et_pb_section][et_pb_section fb_built=&#8220;1&#8243; theme_builder_area=&#8220;post_content&#8220; _builder_version=&#8220;4.26.0&#8243; _module_preset=&#8220;default&#8220;][et_pb_row _builder_version=&#8220;4.26.0&#8243; _module_preset=&#8220;default&#8220; theme_builder_area=&#8220;post_content&#8220;][et_pb_column _builder_version=&#8220;4.26.0&#8243; _module_preset=&#8220;default&#8220; type=&#8220;4_4&#8243; theme_builder_area=&#8220;post_content&#8220;][et_pb_image src=&#8220;https:\/\/project.vistasoftware.com\/wp-content\/uploads\/2025\/08\/box-GER.png&#8220; _builder_version=&#8220;4.26.0&#8243; _module_preset=&#8220;default&#8220; theme_builder_area=&#8220;post_content&#8220; title_text=&#8220;box GER&#8220; align=&#8220;center&#8220; hover_enabled=&#8220;0&#8243; sticky_enabled=&#8220;0&#8243;][\/et_pb_image][\/et_pb_column][\/et_pb_row][\/et_pb_section]<\/p>\n","protected":false},"excerpt":{"rendered":"<p>dank unserer exzellenten Projekt-Software<\/p>\n","protected":false},"author":1,"featured_media":0,"parent":0,"menu_order":0,"comment_status":"closed","ping_status":"closed","template":"","meta":{"_et_pb_use_builder":"on","_et_pb_old_content":"","_et_gb_content_width":"","footnotes":""},"yoast_head":"<!-- This site is optimized with the Yoast SEO plugin v23.0 - https:\/\/yoast.com\/wordpress\/plugins\/seo\/ -->\n<title>Projektsoftware-L\u00f6sungen<\/title>\n<meta name=\"description\" content=\"Mit dem Projektsoftware von uns k\u00f6nnen Sie effizienter arbeiten. M\u00f6chten Sie mehr \u00fcber diese Projektsoftware erfahren?\" \/>\n<meta name=\"robots\" content=\"index, follow, max-snippet:-1, max-image-preview:large, max-video-preview:-1\" \/>\n<link rel=\"canonical\" href=\"https:\/\/project.vistasoftware.com\/de\/\" \/>\n<meta property=\"og:locale\" content=\"de_DE\" \/>\n<meta property=\"og:type\" content=\"article\" \/>\n<meta property=\"og:title\" content=\"Projektsoftware-L\u00f6sungen\" \/>\n<meta property=\"og:description\" content=\"Mit dem Projektsoftware von uns k\u00f6nnen Sie effizienter arbeiten. M\u00f6chten Sie mehr \u00fcber diese Projektsoftware erfahren?\" \/>\n<meta property=\"og:url\" content=\"https:\/\/project.vistasoftware.com\/de\/\" \/>\n<meta property=\"og:site_name\" content=\"Projekt Software\" \/>\n<meta property=\"article:publisher\" content=\"https:\/\/facebook.com\/OFFIMAC\/\" \/>\n<meta property=\"article:modified_time\" content=\"2025-08-28T14:26:57+00:00\" \/>\n<meta name=\"twitter:card\" content=\"summary_large_image\" \/>\n<meta name=\"twitter:site\" content=\"@OffimacSmartICT\" \/>\n<meta name=\"twitter:label1\" content=\"Gesch\u00e4tzte Lesezeit\" \/>\n\t<meta name=\"twitter:data1\" content=\"4\u00a0Minuten\" \/>\n<script type=\"application\/ld+json\" class=\"yoast-schema-graph\">{\"@context\":\"https:\/\/schema.org\",\"@graph\":[{\"@type\":\"WebPage\",\"@id\":\"https:\/\/project.vistasoftware.com\/de\/\",\"url\":\"https:\/\/project.vistasoftware.com\/de\/\",\"name\":\"Projektsoftware-L\u00f6sungen\",\"isPartOf\":{\"@id\":\"https:\/\/project.vistasoftware.com\/#website\"},\"datePublished\":\"2017-07-12T09:47:49+00:00\",\"dateModified\":\"2025-08-28T14:26:57+00:00\",\"description\":\"Mit dem Projektsoftware von uns k\u00f6nnen Sie effizienter arbeiten. M\u00f6chten Sie mehr \u00fcber diese Projektsoftware erfahren?\",\"breadcrumb\":{\"@id\":\"https:\/\/project.vistasoftware.com\/de\/#breadcrumb\"},\"inLanguage\":\"de\",\"potentialAction\":[{\"@type\":\"ReadAction\",\"target\":[\"https:\/\/project.vistasoftware.com\/de\/\"]}]},{\"@type\":\"BreadcrumbList\",\"@id\":\"https:\/\/project.vistasoftware.com\/de\/#breadcrumb\",\"itemListElement\":[{\"@type\":\"ListItem\",\"position\":1,\"name\":\"Home\",\"item\":\"https:\/\/project.vistasoftware.com\/de\/\"},{\"@type\":\"ListItem\",\"position\":2,\"name\":\"Home\"}]},{\"@type\":\"WebSite\",\"@id\":\"https:\/\/project.vistasoftware.com\/#website\",\"url\":\"https:\/\/project.vistasoftware.com\/\",\"name\":\"Projekt Software\",\"description\":\"Projekt Software\",\"publisher\":{\"@id\":\"https:\/\/project.vistasoftware.com\/#organization\"},\"potentialAction\":[{\"@type\":\"SearchAction\",\"target\":{\"@type\":\"EntryPoint\",\"urlTemplate\":\"https:\/\/project.vistasoftware.com\/?s={search_term_string}\"},\"query-input\":\"required name=search_term_string\"}],\"inLanguage\":\"de\"},{\"@type\":\"Organization\",\"@id\":\"https:\/\/project.vistasoftware.com\/#organization\",\"name\":\"Projekt Software\",\"url\":\"https:\/\/project.vistasoftware.com\/\",\"logo\":{\"@type\":\"ImageObject\",\"inLanguage\":\"de\",\"@id\":\"https:\/\/project.vistasoftware.com\/#\/schema\/logo\/image\/\",\"url\":\"https:\/\/project.vistasoftware.com\/wp-content\/uploads\/2023\/02\/project.Vistasoftware-klein.png\",\"contentUrl\":\"https:\/\/project.vistasoftware.com\/wp-content\/uploads\/2023\/02\/project.Vistasoftware-klein.png\",\"width\":650,\"height\":97,\"caption\":\"Projekt Software\"},\"image\":{\"@id\":\"https:\/\/project.vistasoftware.com\/#\/schema\/logo\/image\/\"},\"sameAs\":[\"https:\/\/facebook.com\/OFFIMAC\/\",\"https:\/\/x.com\/OffimacSmartICT\",\"https:\/\/linkedin.com\/company\/83965\/\",\"https:\/\/youtube.com\/user\/OffimacNV\"]}]}<\/script>\n<!-- \/ Yoast SEO plugin. -->","yoast_head_json":{"title":"Projektsoftware-L\u00f6sungen","description":"Mit dem Projektsoftware von uns k\u00f6nnen Sie effizienter arbeiten. M\u00f6chten Sie mehr \u00fcber diese Projektsoftware erfahren?","robots":{"index":"index","follow":"follow","max-snippet":"max-snippet:-1","max-image-preview":"max-image-preview:large","max-video-preview":"max-video-preview:-1"},"canonical":"https:\/\/project.vistasoftware.com\/de\/","og_locale":"de_DE","og_type":"article","og_title":"Projektsoftware-L\u00f6sungen","og_description":"Mit dem Projektsoftware von uns k\u00f6nnen Sie effizienter arbeiten. M\u00f6chten Sie mehr \u00fcber diese Projektsoftware erfahren?","og_url":"https:\/\/project.vistasoftware.com\/de\/","og_site_name":"Projekt Software","article_publisher":"https:\/\/facebook.com\/OFFIMAC\/","article_modified_time":"2025-08-28T14:26:57+00:00","twitter_card":"summary_large_image","twitter_site":"@OffimacSmartICT","twitter_misc":{"Gesch\u00e4tzte Lesezeit":"4\u00a0Minuten"},"schema":{"@context":"https:\/\/schema.org","@graph":[{"@type":"WebPage","@id":"https:\/\/project.vistasoftware.com\/de\/","url":"https:\/\/project.vistasoftware.com\/de\/","name":"Projektsoftware-L\u00f6sungen","isPartOf":{"@id":"https:\/\/project.vistasoftware.com\/#website"},"datePublished":"2017-07-12T09:47:49+00:00","dateModified":"2025-08-28T14:26:57+00:00","description":"Mit dem Projektsoftware von uns k\u00f6nnen Sie effizienter arbeiten. M\u00f6chten Sie mehr \u00fcber diese Projektsoftware erfahren?","breadcrumb":{"@id":"https:\/\/project.vistasoftware.com\/de\/#breadcrumb"},"inLanguage":"de","potentialAction":[{"@type":"ReadAction","target":["https:\/\/project.vistasoftware.com\/de\/"]}]},{"@type":"BreadcrumbList","@id":"https:\/\/project.vistasoftware.com\/de\/#breadcrumb","itemListElement":[{"@type":"ListItem","position":1,"name":"Home","item":"https:\/\/project.vistasoftware.com\/de\/"},{"@type":"ListItem","position":2,"name":"Home"}]},{"@type":"WebSite","@id":"https:\/\/project.vistasoftware.com\/#website","url":"https:\/\/project.vistasoftware.com\/","name":"Projekt Software","description":"Projekt Software","publisher":{"@id":"https:\/\/project.vistasoftware.com\/#organization"},"potentialAction":[{"@type":"SearchAction","target":{"@type":"EntryPoint","urlTemplate":"https:\/\/project.vistasoftware.com\/?s={search_term_string}"},"query-input":"required name=search_term_string"}],"inLanguage":"de"},{"@type":"Organization","@id":"https:\/\/project.vistasoftware.com\/#organization","name":"Projekt Software","url":"https:\/\/project.vistasoftware.com\/","logo":{"@type":"ImageObject","inLanguage":"de","@id":"https:\/\/project.vistasoftware.com\/#\/schema\/logo\/image\/","url":"https:\/\/project.vistasoftware.com\/wp-content\/uploads\/2023\/02\/project.Vistasoftware-klein.png","contentUrl":"https:\/\/project.vistasoftware.com\/wp-content\/uploads\/2023\/02\/project.Vistasoftware-klein.png","width":650,"height":97,"caption":"Projekt Software"},"image":{"@id":"https:\/\/project.vistasoftware.com\/#\/schema\/logo\/image\/"},"sameAs":["https:\/\/facebook.com\/OFFIMAC\/","https:\/\/x.com\/OffimacSmartICT","https:\/\/linkedin.com\/company\/83965\/","https:\/\/youtube.com\/user\/OffimacNV"]}]}},"_links":{"self":[{"href":"https:\/\/project.vistasoftware.com\/de\/wp-json\/wp\/v2\/pages\/2809"}],"collection":[{"href":"https:\/\/project.vistasoftware.com\/de\/wp-json\/wp\/v2\/pages"}],"about":[{"href":"https:\/\/project.vistasoftware.com\/de\/wp-json\/wp\/v2\/types\/page"}],"author":[{"embeddable":true,"href":"https:\/\/project.vistasoftware.com\/de\/wp-json\/wp\/v2\/users\/1"}],"replies":[{"embeddable":true,"href":"https:\/\/project.vistasoftware.com\/de\/wp-json\/wp\/v2\/comments?post=2809"}],"version-history":[{"count":81,"href":"https:\/\/project.vistasoftware.com\/de\/wp-json\/wp\/v2\/pages\/2809\/revisions"}],"predecessor-version":[{"id":8555,"href":"https:\/\/project.vistasoftware.com\/de\/wp-json\/wp\/v2\/pages\/2809\/revisions\/8555"}],"wp:attachment":[{"href":"https:\/\/project.vistasoftware.com\/de\/wp-json\/wp\/v2\/media?parent=2809"}],"curies":[{"name":"wp","href":"https:\/\/api.w.org\/{rel}","templated":true}]}}